{"id":8,"date":"2019-06-25T07:53:23","date_gmt":"2019-06-25T05:53:23","guid":{"rendered":"http:\/\/dev.atco.it\/?page_id=8"},"modified":"2025-02-13T10:02:51","modified_gmt":"2025-02-13T09:02:51","slug":"start","status":"publish","type":"page","link":"https:\/\/www.atco.it\/de\/","title":{"rendered":"start"},"content":{"rendered":"<div class=\"wpb-content-wrapper\"><p>[vc_row css_animation=&#8220;&#8220; row_type=&#8220;row&#8220; use_row_as_full_screen_section=&#8220;no&#8220; type=&#8220;grid&#8220; angled_section=&#8220;no&#8220; text_align=&#8220;left&#8220; background_image_as_pattern=&#8220;without_pattern&#8220; z_index=&#8220;&#8220;][vc_column][vc_column_text css=&#8220;.vc_custom_1568800713800{margin: 48px !important;}&#8220;]<\/p>\n<h1 style=\"text-align: center;\">ATCO Italia S.r.l.<\/h1>\n<p>[\/vc_column_text][rev_slider_vc alias=&#8220;prodotti&#8220;][\/vc_column][\/vc_row][vc_row css_animation=&#8220;&#8220; row_type=&#8220;row&#8220; use_row_as_full_screen_section=&#8220;no&#8220; type=&#8220;grid&#8220; angled_section=&#8220;no&#8220; text_align=&#8220;left&#8220; background_image_as_pattern=&#8220;without_pattern&#8220; css=&#8220;.vc_custom_1568801747489{background-color: #faf9f9 !important;}&#8220; z_index=&#8220;&#8220;][vc_column][vc_column_text]<\/p>\n<h1 style=\"text-align: center;\">Atco frutta secca<\/h1>\n<p>[\/vc_column_text][vc_row_inner row_type=&#8220;row&#8220; type=&#8220;full_width&#8220; text_align=&#8220;left&#8220; css_animation=&#8220;&#8220;][vc_column_inner width=&#8220;1\/4&#8243;][\/vc_column_inner][vc_column_inner width=&#8220;2\/4&#8243;][vc_empty_space height=&#8220;64&#8243;][vc_column_text]<\/p>\n<p style=\"text-align: center;\">ATCO Italia S.r.l. \u00e8 stata fondata nel 2017 &#8211; Joint Venture tra la societ\u00e0 Achard Italia S.p.A. di Bolzano (ITALIA) e la societ\u00e0 August T\u00f6pfer &#038; Co. (GmbH &#038; Co.) KG di Amburgo (GERMANIA) &#8211; per la commercializzazione sul territorio italiano di frutta secca e disidratata con una struttura capillare sull\u2019intero territorio, atta a soddisfare al meglio le necessit\u00e0 del mercato sia in termini di gamma di prodotti che in termini di servizi logistici e qualitativi.<\/p>\n<p>[\/vc_column_text][vc_empty_space height=&#8220;128&#8243;][\/vc_column_inner][vc_column_inner width=&#8220;1\/4&#8243;][\/vc_column_inner][\/vc_row_inner][\/vc_column][\/vc_row][vc_row css_animation=&#8220;&#8220; row_type=&#8220;row&#8220; use_row_as_full_screen_section=&#8220;no&#8220; type=&#8220;grid&#8220; angled_section=&#8220;no&#8220; text_align=&#8220;left&#8220; background_image_as_pattern=&#8220;without_pattern&#8220; z_index=&#8220;&#8220;][vc_column][vc_empty_space height=&#8220;128&#8243;][\/vc_column][\/vc_row][vc_row css_animation=&#8220;&#8220; row_type=&#8220;row&#8220; use_row_as_full_screen_section=&#8220;no&#8220; type=&#8220;grid&#8220; angled_section=&#8220;no&#8220; text_align=&#8220;left&#8220; background_image_as_pattern=&#8220;without_pattern&#8220; z_index=&#8220;&#8220;][vc_column][vc_column_text]<\/p>\n<h1 style=\"text-align: center;\">Industria e partner di logistica<\/h1>\n<p>[\/vc_column_text][vc_empty_space height=&#8220;64&#8243;]<div id=\"unique_iwm_0\"><!-- Map Generated CSS --> \n <style>\n.iwm_map_canvas { overflow:hidden; }#map_canvas_1 path:not([id]) { stroke:transparent; }#map_canvas_1 path:not([id]) { stroke-width:0; }#map_canvas_1 path[fill^=\"e9f1fc\"] { stroke-width:0; }#map_canvas_1 path[fill^=\"e9f1fc\"]:hover { stroke-width:0; }#map_canvas_1 path[fill^=\"none\"] { stroke-width:0; stroke-opacity:0; }#map_canvas_1 { background-repeat:no-repeat; background-size: 100% 100%; }<\/style><div class='iwm_map_canvas'><div id='map_canvas_1' data-map-id='1'  class='i_world_map ' class='iwm_map_canvas'><div class='iwm_placeholder'><img width='32px' alt='prodotti Placeholder' title='prodotti' src='https:\/\/www.atco.it\/wp-content\/plugins\/interactive-world-maps\/imgs\/placeholder.png'><br>prodotti<\/div><\/div><\/div><div id='imap1message' style='display:none;'>\r\n\t\t\t\t<div id=\"map_1_message_it\" style=\"display:block;\"><\/div><div id=\"map_1_message_es\" style=\"display:block;\"><\/div><div id=\"map_1_message_chile\" style=\"display:block;\"><\/div><div id=\"map_1_message_AU\" style=\"display:block;\"><\/div><div id=\"map_1_message_US\" style=\"display:block;\"><\/div><div id=\"map_1_message_br\" style=\"display:block;\"><\/div><div id=\"map_1_message_bo\" style=\"display:block;\"><\/div><div id=\"map_1_message_pe\" style=\"display:block;\"><\/div><div id=\"map_1_message_tr\" style=\"display:block;\"><\/div><div id=\"map_1_message_ge\" style=\"display:block;\"><\/div><div id=\"map_1_message_lk\" style=\"display:block;\"><\/div><div id=\"map_1_message_ph\" style=\"display:block;\"><\/div><div id=\"map_1_message_id\" style=\"display:block;\"><\/div><div id=\"map_1_message_cn\" style=\"display:block;\"><\/div><div id=\"map_1_message_za\" style=\"display:block;\"><\/div><div id=\"map_1_message_in\" style=\"display:block;\"><\/div><div id=\"map_1_message_vn\" style=\"display:block;\"><\/div><div id=\"map_1_message_tz\" style=\"display:block;\"><\/div><div id=\"map_1_message_ng\" style=\"display:block;\"><\/div><div id=\"map_1_message_ci\" style=\"display:block;\"><\/div><div id=\"map_1_message_gh\" style=\"display:block;\"><\/div><div id=\"map_1_message_mz\" style=\"display:block;\"><\/div>\r\n\t\t\t\t<\/div><\/div>[\/vc_column][\/vc_row][vc_row css_animation=&#8220;&#8220; row_type=&#8220;row&#8220; use_row_as_full_screen_section=&#8220;no&#8220; type=&#8220;full_width&#8220; angled_section=&#8220;no&#8220; text_align=&#8220;left&#8220; background_image_as_pattern=&#8220;without_pattern&#8220;][vc_column][vc_empty_space height=&#8220;128&#8243;][\/vc_column][\/vc_row]<\/p>\n<\/div>","protected":false},"excerpt":{"rendered":"<p>[vc_row css_animation=&#8220;&#8220; row_type=&#8220;row&#8220; use_row_as_full_screen_section=&#8220;no&#8220; type=&#8220;grid&#8220; angled_section=&#8220;no&#8220; text_align=&#8220;left&#8220; background_image_as_pattern=&#8220;without_pattern&#8220; z_index=&#8220;&#8220;][vc_column][vc_column_text css=&#8220;.vc_custom_1568800713800{margin: 48px !important;}&#8220;] ATCO Italia S.r.l. [\/vc_column_text][rev_slider_vc alias=&#8220;prodotti&#8220;][\/vc_column][\/vc_row][vc_row css_animation=&#8220;&#8220; row_type=&#8220;row&#8220; use_row_as_full_screen_section=&#8220;no&#8220; type=&#8220;grid&#8220; angled_section=&#8220;no&#8220; text_align=&#8220;left&#8220; background_image_as_pattern=&#8220;without_pattern&#8220; css=&#8220;.vc_custom_1568801747489{background-color: #faf9f9 !important;}&#8220; z_index=&#8220;&#8220;][vc_column][vc_column_text] Atco frutta secca [\/vc_column_text][vc_row_inner row_type=&#8220;row&#8220; type=&#8220;full_width&#8220; text_align=&#8220;left&#8220; css_animation=&#8220;&#8220;][vc_column_inner width=&#8220;1\/4&#8243;][\/vc_column_inner][vc_column_inner width=&#8220;2\/4&#8243;][vc_empty_space height=&#8220;64&#8243;][vc_column_text] ATCO Italia S.r.l. \u00e8 stata fondata&#8230;<\/p>\n","protected":false},"author":1,"featured_media":0,"parent":0,"menu_order":0,"comment_status":"closed","ping_status":"closed","template":"full_width.php","meta":{"footnotes":""},"categories":[],"class_list":["post-8","page","type-page","status-publish","hentry"],"_links":{"self":[{"href":"https:\/\/www.atco.it\/de\/wp-json\/wp\/v2\/pages\/8","targetHints":{"allow":["GET"]}}],"collection":[{"href":"https:\/\/www.atco.it\/de\/wp-json\/wp\/v2\/pages"}],"about":[{"href":"https:\/\/www.atco.it\/de\/wp-json\/wp\/v2\/types\/page"}],"author":[{"embeddable":true,"href":"https:\/\/www.atco.it\/de\/wp-json\/wp\/v2\/users\/1"}],"replies":[{"embeddable":true,"href":"https:\/\/www.atco.it\/de\/wp-json\/wp\/v2\/comments?post=8"}],"version-history":[{"count":52,"href":"https:\/\/www.atco.it\/de\/wp-json\/wp\/v2\/pages\/8\/revisions"}],"predecessor-version":[{"id":259,"href":"https:\/\/www.atco.it\/de\/wp-json\/wp\/v2\/pages\/8\/revisions\/259"}],"wp:attachment":[{"href":"https:\/\/www.atco.it\/de\/wp-json\/wp\/v2\/media?parent=8"}],"wp:term":[{"taxonomy":"category","embeddable":true,"href":"https:\/\/www.atco.it\/de\/wp-json\/wp\/v2\/categories?post=8"}],"curies":[{"name":"wp","href":"https:\/\/api.w.org\/{rel}","templated":true}]}}