{"id":50,"date":"2019-07-09T10:46:05","date_gmt":"2019-07-09T08:46:05","guid":{"rendered":"http:\/\/dev.atco.it\/?page_id=50"},"modified":"2019-09-22T22:06:59","modified_gmt":"2019-09-22T20:06:59","slug":"processati-di-mandorle","status":"publish","type":"page","link":"https:\/\/www.atco.it\/de\/processati-di-mandorle\/","title":{"rendered":"Processati di Mandorle"},"content":{"rendered":"<div class=\"wpb-content-wrapper\"><p>[vc_row css_animation=&#8220;&#8220; row_type=&#8220;row&#8220; use_row_as_full_screen_section=&#8220;no&#8220; type=&#8220;grid&#8220; angled_section=&#8220;no&#8220; text_align=&#8220;left&#8220; background_image_as_pattern=&#8220;without_pattern&#8220; z_index=&#8220;&#8220;][vc_column][vc_single_image image=&#8220;52&#8243; img_size=&#8220;large&#8220; alignment=&#8220;center&#8220; qode_css_animation=&#8220;&#8220;][\/vc_column][\/vc_row][vc_row css_animation=&#8220;&#8220; row_type=&#8220;row&#8220; use_row_as_full_screen_section=&#8220;no&#8220; type=&#8220;full_width&#8220; angled_section=&#8220;no&#8220; text_align=&#8220;left&#8220; background_image_as_pattern=&#8220;without_pattern&#8220;][vc_column][vc_empty_space height=&#8220;128&#8243;][\/vc_column][\/vc_row][vc_row css_animation=&#8220;&#8220; row_type=&#8220;row&#8220; use_row_as_full_screen_section=&#8220;no&#8220; type=&#8220;grid&#8220; angled_section=&#8220;no&#8220; text_align=&#8220;left&#8220; background_image_as_pattern=&#8220;without_pattern&#8220; z_index=&#8220;&#8220;][vc_column][vc_column_text]<\/p>\n<h1 class=\"p1\" style=\"text-align: center;\"><span class=\"s1\">Processati di mandorle<\/span><\/h1>\n<p>[\/vc_column_text][vc_empty_space][vc_column_text]<\/p>\n<h3 class=\"p1\" style=\"text-align: center;\"><span class=\"s1\">Origine: USA (California), Spagna, Italia, Cile, Australia<\/span><\/h3>\n<p>[\/vc_column_text][vc_empty_space height=&#8220;64&#8243;][vc_row_inner row_type=&#8220;row&#8220; type=&#8220;full_width&#8220; text_align=&#8220;left&#8220; css_animation=&#8220;&#8220;][vc_column_inner width=&#8220;1\/2&#8243;][vc_column_text]Tradizionalmente venivano trattate esclusivamente mandorle spagnole, mentre in tempi recenti si \u00e8 assistito all\u2019introduzione ed all\u2019utilizzo di varianti di origine californiana. Ad oggi, Il fulcro europeo per la lavorazione e la trasformazione delle mandorle si trova ancora in Spagna, dove ATCO ha consolidato ormai da anni fruttuose partnership, trasformandosi da trader a vero e proprio produttore attraverso la cooperazione con la societ\u00e0 Colefruse Internacional 5.A di Jijona (Spagna).[\/vc_column_text][\/vc_column_inner][vc_column_inner width=&#8220;1\/2&#8243;][vc_column_text]La nostra gamma di prodotti spazia dalle mandorle sgusciate &#8211; intere, dimezzate, affettate, a bastoncini &#8211; a granella e farina, cos\u00ec come anche pasta di mandorle. Inoltre, possiamo fornire tutti i prodotti tostati e confezionati richiesti dalla GDO. L\u2019impianto di Colefruse \u00e8 uno dei pi\u00f9 efficienti e moderni d\u2019Europa e la cooperazione ha permesso alla nostra societ\u00e0 di avere sotto controllo l&#8217;intera filiera, potendo cosi garantire la pi\u00f9 alta qualit\u00e0 ed affidabilit\u00e0 del prodotto a tutta la nostra clientela in Europa.[\/vc_column_text][\/vc_column_inner][\/vc_row_inner][vc_row_inner row_type=&#8220;row&#8220; type=&#8220;full_width&#8220; text_align=&#8220;left&#8220; css_animation=&#8220;&#8220;][vc_column_inner][vc_empty_space height=&#8220;64&#8243;]<a  itemprop=\"url\" href=\"\/contatto\" target=\"_self\"  class=\"qbutton  default fl-right\" style=\"\">Contattaci per Mandorle<i class=\"qode_icon_font_awesome fa fa-angle-right qode_button_icon_element\" style=\"\" ><\/i><\/a>[vc_empty_space height=&#8220;64&#8243;][\/vc_column_inner][\/vc_row_inner]<div id=\"unique_iwm_0\"><!-- Map Generated CSS --> \n <style>\n.iwm_map_canvas { overflow:hidden; }#map_canvas_4 path:not([id]) { stroke:transparent; }#map_canvas_4 path:not([id]) { stroke-width:0; }#map_canvas_4 path[fill^=\"e9f1fc\"] { stroke-width:0; }#map_canvas_4 path[fill^=\"e9f1fc\"]:hover { stroke-width:0; }#map_canvas_4 path[fill^=\"none\"] { stroke-width:0; stroke-opacity:0; }#map_canvas_4 { background-repeat:no-repeat; background-size: 100% 100%; }<\/style><div class='iwm_map_canvas'><div id='map_canvas_4' data-map-id='4'  class='i_world_map ' class='iwm_map_canvas'><div class='iwm_placeholder'><img width='32px' alt='Mandorle Placeholder' title='Mandorle' src='https:\/\/www.atco.it\/wp-content\/plugins\/interactive-world-maps\/imgs\/placeholder.png'><br>Mandorle<\/div><\/div><\/div><div id='imap4message' style='display:none;'>\r\n\t\t\t\t<div id=\"map_4_message_it\" style=\"display:block;\"><\/div><div id=\"map_4_message_es\" style=\"display:block;\"><\/div><div id=\"map_4_message_chile\" style=\"display:block;\"><\/div><div id=\"map_4_message_AU\" style=\"display:block;\"><\/div><div id=\"map_4_message_US\" style=\"display:block;\"><\/div>\r\n\t\t\t\t<\/div><\/div>[\/vc_column][\/vc_row][vc_row css_animation=&#8220;&#8220; row_type=&#8220;row&#8220; use_row_as_full_screen_section=&#8220;no&#8220; type=&#8220;full_width&#8220; angled_section=&#8220;no&#8220; text_align=&#8220;left&#8220; background_image_as_pattern=&#8220;without_pattern&#8220;][vc_column][vc_empty_space height=&#8220;128&#8243;][\/vc_column][\/vc_row]<\/p>\n<\/div>","protected":false},"excerpt":{"rendered":"<p>[vc_row css_animation=&#8220;&#8220; row_type=&#8220;row&#8220; use_row_as_full_screen_section=&#8220;no&#8220; type=&#8220;grid&#8220; angled_section=&#8220;no&#8220; text_align=&#8220;left&#8220; background_image_as_pattern=&#8220;without_pattern&#8220; z_index=&#8220;&#8220;][vc_column][vc_single_image image=&#8220;52&#8243; img_size=&#8220;large&#8220; alignment=&#8220;center&#8220; qode_css_animation=&#8220;&#8220;][\/vc_column][\/vc_row][vc_row css_animation=&#8220;&#8220; row_type=&#8220;row&#8220; use_row_as_full_screen_section=&#8220;no&#8220; type=&#8220;full_width&#8220; angled_section=&#8220;no&#8220; text_align=&#8220;left&#8220; background_image_as_pattern=&#8220;without_pattern&#8220;][vc_column][vc_empty_space height=&#8220;128&#8243;][\/vc_column][\/vc_row][vc_row css_animation=&#8220;&#8220; row_type=&#8220;row&#8220; use_row_as_full_screen_section=&#8220;no&#8220; type=&#8220;grid&#8220; angled_section=&#8220;no&#8220; text_align=&#8220;left&#8220; background_image_as_pattern=&#8220;without_pattern&#8220; z_index=&#8220;&#8220;][vc_column][vc_column_text] Processati di mandorle [\/vc_column_text][vc_empty_space][vc_column_text] Origine: USA (California), Spagna, Italia, Cile, Australia [\/vc_column_text][vc_empty_space height=&#8220;64&#8243;][vc_row_inner row_type=&#8220;row&#8220; type=&#8220;full_width&#8220; text_align=&#8220;left&#8220;&#8230;<\/p>\n","protected":false},"author":1,"featured_media":0,"parent":0,"menu_order":0,"comment_status":"closed","ping_status":"closed","template":"full_width.php","meta":{"footnotes":""},"categories":[],"class_list":["post-50","page","type-page","status-publish","hentry"],"_links":{"self":[{"href":"https:\/\/www.atco.it\/de\/wp-json\/wp\/v2\/pages\/50","targetHints":{"allow":["GET"]}}],"collection":[{"href":"https:\/\/www.atco.it\/de\/wp-json\/wp\/v2\/pages"}],"about":[{"href":"https:\/\/www.atco.it\/de\/wp-json\/wp\/v2\/types\/page"}],"author":[{"embeddable":true,"href":"https:\/\/www.atco.it\/de\/wp-json\/wp\/v2\/users\/1"}],"replies":[{"embeddable":true,"href":"https:\/\/www.atco.it\/de\/wp-json\/wp\/v2\/comments?post=50"}],"version-history":[{"count":8,"href":"https:\/\/www.atco.it\/de\/wp-json\/wp\/v2\/pages\/50\/revisions"}],"predecessor-version":[{"id":245,"href":"https:\/\/www.atco.it\/de\/wp-json\/wp\/v2\/pages\/50\/revisions\/245"}],"wp:attachment":[{"href":"https:\/\/www.atco.it\/de\/wp-json\/wp\/v2\/media?parent=50"}],"wp:term":[{"taxonomy":"category","embeddable":true,"href":"https:\/\/www.atco.it\/de\/wp-json\/wp\/v2\/categories?post=50"}],"curies":[{"name":"wp","href":"https:\/\/api.w.org\/{rel}","templated":true}]}}