{"id":31,"date":"2019-07-09T10:09:29","date_gmt":"2019-07-09T08:09:29","guid":{"rendered":"http:\/\/dev.atco.it\/?page_id=31"},"modified":"2019-09-22T22:29:56","modified_gmt":"2019-09-22T20:29:56","slug":"prodotti","status":"publish","type":"page","link":"https:\/\/www.atco.it\/de\/prodotti\/","title":{"rendered":"Prodotti"},"content":{"rendered":"<div class=\"wpb-content-wrapper\"><p>[vc_row css_animation=&#8220;&#8220; row_type=&#8220;row&#8220; use_row_as_full_screen_section=&#8220;no&#8220; type=&#8220;full_width&#8220; angled_section=&#8220;no&#8220; text_align=&#8220;left&#8220; background_image_as_pattern=&#8220;without_pattern&#8220;][vc_column][vc_empty_space height=&#8220;128&#8243;][\/vc_column][\/vc_row][vc_row css_animation=&#8220;&#8220; row_type=&#8220;row&#8220; use_row_as_full_screen_section=&#8220;no&#8220; type=&#8220;grid&#8220; angled_section=&#8220;no&#8220; text_align=&#8220;left&#8220; background_image_as_pattern=&#8220;without_pattern&#8220; z_index=&#8220;&#8220;][vc_column][vc_column_text]<\/p>\n<h1 style=\"text-align: center;\">Prodotti Atco<\/h1>\n<p>[\/vc_column_text][\/vc_column][\/vc_row][vc_row css_animation=&#8220;&#8220; row_type=&#8220;row&#8220; use_row_as_full_screen_section=&#8220;no&#8220; type=&#8220;full_width&#8220; angled_section=&#8220;no&#8220; text_align=&#8220;left&#8220; background_image_as_pattern=&#8220;without_pattern&#8220;][vc_column][vc_empty_space height=&#8220;128&#8243;][\/vc_column][\/vc_row][vc_row css_animation=&#8220;&#8220; row_type=&#8220;row&#8220; use_row_as_full_screen_section=&#8220;no&#8220; type=&#8220;grid&#8220; angled_section=&#8220;no&#8220; text_align=&#8220;left&#8220; background_image_as_pattern=&#8220;without_pattern&#8220; z_index=&#8220;&#8220; el_class=&#8220;gernot&#8220;][vc_column width=&#8220;1\/4&#8243;]<div class=\"qode-info-card\">\n\t\t\t<div class=\"qode-info-card-image\" style=\"background-color:#fff\">\n\t\t\t<img decoding=\"async\" src=\"https:\/\/www.atco.it\/wp-content\/uploads\/2019\/07\/Cashewkerne.png\" alt=\"\" \/>\n\t\t<\/div>\n\t\t<div class=\"qode-info-card-text-holder\" style=\"background-color:#fff\">\n\t\t\t\t\t<h3 class=\"qode-info-card-title\" >\n\t\t\t\tAnacardi\t\t\t<\/h3>\n\t\t\t\t\t\t\t<p class=\"qode-info-card-text\" >\n\t\t\t\tGi\u00e0 all&#039;inizio del XX secolo l\u2019India aveva consolidato la sua posizione come uno dei maggiori coltivatori e produttori di anacardi a livello globale. In quel periodo, ovviamente, il lavoro di trasformazione era esclusivamente manuale. A partire dagli anni 90 del \u2018900 la produzione si \u00e8 sviluppata molto in Indonesia e in Vietnam. Il periodo del raccolto va da febbraio alla fine di aprile, garantendo comunque un\u2019ampissima gamma di qualit\u00e0 e variet\u00e0 di prodotto da offrire alla nostra clientela.\t\t\t<\/p>\n\t\t\t<\/div>\n\t\t\t<div class=\"qode-info-card-link-holder\">\n\t\t\t<a itemprop=\"url\" class=\"qode-qbutton-main-color qode-qbutton-full-width qode-qbutton-square\" href=\"\/anacardi\" target=\"_self\" style=\"height:48px;line-height:48px\"><span>Dettagli<\/span><\/a>\n\t\t<\/div>\n\t<\/div>[\/vc_column][vc_column width=&#8220;1\/4&#8243;]<div class=\"qode-info-card\">\n\t\t\t<div class=\"qode-info-card-image\" style=\"background-color:#fff\">\n\t\t\t<img decoding=\"async\" src=\"https:\/\/www.atco.it\/wp-content\/uploads\/2019\/07\/Haselnusskerne.png\" alt=\"\" \/>\n\t\t<\/div>\n\t\t<div class=\"qode-info-card-text-holder\" style=\"background-color:#fff\">\n\t\t\t\t\t<h3 class=\"qode-info-card-title\" >\n\t\t\t\tNocciole\t\t\t<\/h3>\n\t\t\t\t\t\t\t<p class=\"qode-info-card-text\" >\n\t\t\t\tLa Turchia si aggiudica la posizione di leader nella produzione mondiale di nocciole con una quota pari al 65-70% del raccolto globale. A seguire con il 23% \u00e8 l\u2019Italia, quindi la Spagna, la Georgia, l\u2019Azerbaijan e gli Stati Uniti. Il raccolto del prodotto inizia alla fine del mese di agosto in Turchia, ma Il nostro rapporto decennale con produttori scelti, sia turchi che italiani, ci permette di offrire un prodotto di qualit\u00e0 ed un servizio eccellente durante il corso di tutto l\u2019anno. La qualita delle nocciole \u00e8 dettata dalla grandezza delle stesse, passando da Standard Extra (diametro maggiore di 15mm), a Standard 1 (13-15mm), a Standard 2 (11-13mm), per finire con lo Standard 3 (tra 8 e X mm). Oltre alle nocciole intere, la nostra gamma spazia tra altre varianti di prodotto lavorato, comprese nocciole affettate e\/o tostate, granella, farina e paste.\t\t\t<\/p>\n\t\t\t<\/div>\n\t\t\t<div class=\"qode-info-card-link-holder\">\n\t\t\t<a itemprop=\"url\" class=\"qode-qbutton-main-color qode-qbutton-full-width qode-qbutton-square\" href=\"\/nocciole\" target=\"_self\" style=\"height:48px;line-height:48px\"><span>Dettagli<\/span><\/a>\n\t\t<\/div>\n\t<\/div>[\/vc_column][vc_column width=&#8220;1\/4&#8243;]<div class=\"qode-info-card\">\n\t\t\t<div class=\"qode-info-card-image\" style=\"background-color:#fff\">\n\t\t\t<img decoding=\"async\" src=\"https:\/\/www.atco.it\/wp-content\/uploads\/2019\/07\/uva-sultanina.png\" alt=\"\" \/>\n\t\t<\/div>\n\t\t<div class=\"qode-info-card-text-holder\" style=\"background-color:#fff\">\n\t\t\t\t\t<h3 class=\"qode-info-card-title\" >\n\t\t\t\tUva Sultanina\t\t\t<\/h3>\n\t\t\t\t\t\t\t<p class=\"qode-info-card-text\" >\n\t\t\t\tGrazie ad un\u2019estesa rete di partnership con i pi\u00f9 affidabili produttori a livello globale, ATCO si pone come fornitore di fiducia al vostro fianco anche nel settore della frutta secca. L\u2019uva sultanina viene raccolta nel periodo primaverile e in quello autunnale, a seconda del paese di origine. Con una produzione annuale di circa 350.000 tonnellate, gli USA rappresentano il maggior produttore mondiale in termini di volume, bench\u00e9 le potenzialit\u00e0 di export siano piuttosto limitate a causa dell\u2019elevata domanda sul mercato interno. Per i nostri mercati la principale e pi\u00f9 rilevante fonte di uva sultanina \u00e8 la Turchia, con 200.000 tonnellate prodotte, delle quali il 90% viene esportato.\t\t\t<\/p>\n\t\t\t<\/div>\n\t\t\t<div class=\"qode-info-card-link-holder\">\n\t\t\t<a itemprop=\"url\" class=\"qode-qbutton-main-color qode-qbutton-full-width qode-qbutton-square\" href=\"\/uva-sultanina\" target=\"_self\" style=\"height:48px;line-height:48px\"><span>Dettagli<\/span><\/a>\n\t\t<\/div>\n\t<\/div>[\/vc_column][vc_column width=&#8220;1\/4&#8243;]<div class=\"qode-info-card\">\n\t\t\t<div class=\"qode-info-card-image\" style=\"background-color:#fff\">\n\t\t\t<img decoding=\"async\" src=\"https:\/\/www.atco.it\/wp-content\/uploads\/2019\/07\/noci.png\" alt=\"\" \/>\n\t\t<\/div>\n\t\t<div class=\"qode-info-card-text-holder\" style=\"background-color:#fff\">\n\t\t\t\t\t<h3 class=\"qode-info-card-title\" >\n\t\t\t\tNoci\t\t\t<\/h3>\n\t\t\t\t\t\t\t<p class=\"qode-info-card-text\" >\n\t\t\t\tNumerosi studi hanno dimostrato gli effetti positivi delle noci sulla salute, oltre ad essere una vera e propria fonte di energia naturale.&lt;br \/&gt;\nLe nostre forniture arrivano principalmente dagli Stati Uniti, i quali sono i pi\u00f9 importanti produttori di noci di prima qualit\u00e0. Anche il Cile sta diventando un importante fornitore di questo prodotto. Le nostre relazioni di lunga durata con questi produttori di fiducia ci permettono di garantire forniture di ottima qualit\u00e0 ad un prezzo altamente concorrenziale.&lt;br \/&gt;\n\t\t\t<\/p>\n\t\t\t<\/div>\n\t\t\t<div class=\"qode-info-card-link-holder\">\n\t\t\t<a itemprop=\"url\" class=\"qode-qbutton-main-color qode-qbutton-full-width qode-qbutton-square\" href=\"\/noci\" target=\"_self\" style=\"height:48px;line-height:48px\"><span>Dettagli<\/span><\/a>\n\t\t<\/div>\n\t<\/div>[\/vc_column][\/vc_row][vc_row css_animation=&#8220;&#8220; row_type=&#8220;row&#8220; use_row_as_full_screen_section=&#8220;no&#8220; type=&#8220;full_width&#8220; angled_section=&#8220;no&#8220; text_align=&#8220;left&#8220; background_image_as_pattern=&#8220;without_pattern&#8220;][vc_column][vc_empty_space height=&#8220;128&#8243;][\/vc_column][\/vc_row][vc_row css_animation=&#8220;&#8220; row_type=&#8220;row&#8220; use_row_as_full_screen_section=&#8220;no&#8220; type=&#8220;grid&#8220; angled_section=&#8220;no&#8220; text_align=&#8220;left&#8220; background_image_as_pattern=&#8220;without_pattern&#8220; z_index=&#8220;&#8220; el_class=&#8220;gernot&#8220;][vc_column width=&#8220;1\/4&#8243;]<div class=\"qode-info-card\">\n\t\t\t<div class=\"qode-info-card-image\" style=\"background-color:#fff\">\n\t\t\t<img decoding=\"async\" src=\"https:\/\/www.atco.it\/wp-content\/uploads\/2019\/07\/mandorle-md.png\" alt=\"\" \/>\n\t\t<\/div>\n\t\t<div class=\"qode-info-card-text-holder\" style=\"background-color:#fff\">\n\t\t\t\t\t<h3 class=\"qode-info-card-title\" >\n\t\t\t\tMandorle\t\t\t<\/h3>\n\t\t\t\t\t\t\t<p class=\"qode-info-card-text\" >\n\t\t\t\tL\u2019essere riconosciuti tra i maggiori importatori di mandorle in Europa, ci ha permesso nel corso degli anni di instaurare solide relazioni con produttori e commercianti di mandorle, situati principalmente in California (USA). Gli Stati Uniti sono leader mondiali nella produzione delle mandorle, coprendo circa 1\u201980% del raccolto globale. La Spagna fornisce quantitativi ridotti ma sempre di alto livello qualitativo, caratterizzati da un gusto pi\u00f9 intenso rispetto alle varianti californiane. Inoltre, le nostre relazioni commerciali con produttori situati in Cile e Australia, ci permettono di fornire un prodotto fresco durante tutto il corso dell\u2019anno, grazie all&#039;opposta stagionalit\u00e0 nell\u2019emisfero australe. Tali contatti ci garantiscono un\u2019affidabile e continua gestione del prodotto, consentendo un altissimo livello di flessibilit\u00e0 nel rispondere alle necessit\u00e0 della nostra clientela.\t\t\t<\/p>\n\t\t\t<\/div>\n\t\t\t<div class=\"qode-info-card-link-holder\">\n\t\t\t<a itemprop=\"url\" class=\"qode-qbutton-main-color qode-qbutton-full-width qode-qbutton-square\" href=\"\/mandorle\" target=\"_self\" style=\"height:48px;line-height:48px\"><span>Dettagli<\/span><\/a>\n\t\t<\/div>\n\t<\/div>[\/vc_column][vc_column width=&#8220;1\/4&#8243;]<div class=\"qode-info-card\">\n\t\t\t<div class=\"qode-info-card-image\" style=\"background-color:#fff\">\n\t\t\t<img decoding=\"async\" src=\"https:\/\/www.atco.it\/wp-content\/uploads\/2019\/07\/Kokospraeparate.png\" alt=\"\" \/>\n\t\t<\/div>\n\t\t<div class=\"qode-info-card-text-holder\" style=\"background-color:#fff\">\n\t\t\t\t\t<h3 class=\"qode-info-card-title\" >\n\t\t\t\tRap\u00e9 di Cocco\t\t\t<\/h3>\n\t\t\t\t\t\t\t<p class=\"qode-info-card-text\" >\n\t\t\t\tIl rap\u00e9 di cocco rappresenta uno dei prodotti di maggior successo commercializzati da ATCO. Bench\u00e9 il nome possa essere fuorviante, la ``noce di cocco\u201d non \u00e8 una noce, ma appartiene alla famiglia delle drupe (frutto a nocciolo).\t\t\t<\/p>\n\t\t\t<\/div>\n\t\t\t<div class=\"qode-info-card-link-holder\">\n\t\t\t<a itemprop=\"url\" class=\"qode-qbutton-main-color qode-qbutton-full-width qode-qbutton-square\" href=\"\/rape-di-cocco\" target=\"_self\" style=\"height:48px;line-height:48px\"><span>Dettagli<\/span><\/a>\n\t\t<\/div>\n\t<\/div>[\/vc_column][vc_column width=&#8220;1\/4&#8243;]<div class=\"qode-info-card\">\n\t\t\t<div class=\"qode-info-card-image\" style=\"background-color:#fff\">\n\t\t\t<img decoding=\"async\" src=\"https:\/\/www.atco.it\/wp-content\/uploads\/2019\/07\/kokosflocken.png\" alt=\"\" \/>\n\t\t<\/div>\n\t\t<div class=\"qode-info-card-text-holder\" style=\"background-color:#fff\">\n\t\t\t\t\t<h3 class=\"qode-info-card-title\" >\n\t\t\t\tChips di Cocco\t\t\t<\/h3>\n\t\t\t\t\t\t\t<p class=\"qode-info-card-text\" >\n\t\t\t\tIl rap\u00e9 di cocco rappresenta uno dei prodotti di maggior successo commercializzati da ATCO. Bench\u00e9 il nome possa essere fuorviante, la ``noce di cocco\u201d non \u00e8 una noce, ma appartiene alla famiglia delle drupe (frutto a nocciolo).\t\t\t<\/p>\n\t\t\t<\/div>\n\t\t\t<div class=\"qode-info-card-link-holder\">\n\t\t\t<a itemprop=\"url\" class=\"qode-qbutton-main-color qode-qbutton-full-width qode-qbutton-square\" href=\"\/chips-di-cocco\" target=\"_self\" style=\"height:48px;line-height:48px\"><span>Dettagli<\/span><\/a>\n\t\t<\/div>\n\t<\/div>[\/vc_column][vc_column width=&#8220;1\/4&#8243;]<div class=\"qode-info-card\">\n\t\t\t<div class=\"qode-info-card-image\" style=\"background-color:#fff\">\n\t\t\t<img decoding=\"async\" src=\"https:\/\/www.atco.it\/wp-content\/uploads\/2019\/08\/noci-pecan.png\" alt=\"\" \/>\n\t\t<\/div>\n\t\t<div class=\"qode-info-card-text-holder\" style=\"background-color:#fff\">\n\t\t\t\t\t<h3 class=\"qode-info-card-title\" >\n\t\t\t\tNoci Pecan\t\t\t<\/h3>\n\t\t\t\t\t\t\t<p class=\"qode-info-card-text\" >\n\t\t\t\tLa noce pecan \u00e8 la pi\u00f9 importante tra le variet\u00e0 di frutta secca nativa del Nord America; le prime testimonianze in merito all\u2019utilizzo di questo prodotto risalgono al XVI secolo. Il raccolto avviene nella seconda meta dell\u2019anno, coprendo l\u2019intero territorio dalla costa ovest a quella est del sud degli Stati Uniti.\t\t\t<\/p>\n\t\t\t<\/div>\n\t\t\t<div class=\"qode-info-card-link-holder\">\n\t\t\t<a itemprop=\"url\" class=\"qode-qbutton-main-color qode-qbutton-full-width qode-qbutton-square\" href=\"\/noci-pecan\" target=\"_self\" style=\"height:48px;line-height:48px\"><span>Dettagli<\/span><\/a>\n\t\t<\/div>\n\t<\/div>[\/vc_column][\/vc_row][vc_row css_animation=&#8220;&#8220; row_type=&#8220;row&#8220; use_row_as_full_screen_section=&#8220;no&#8220; type=&#8220;full_width&#8220; angled_section=&#8220;no&#8220; text_align=&#8220;left&#8220; background_image_as_pattern=&#8220;without_pattern&#8220;][vc_column][vc_empty_space height=&#8220;128&#8243;][\/vc_column][\/vc_row][vc_row css_animation=&#8220;&#8220; row_type=&#8220;row&#8220; use_row_as_full_screen_section=&#8220;no&#8220; type=&#8220;grid&#8220; angled_section=&#8220;no&#8220; text_align=&#8220;left&#8220; background_image_as_pattern=&#8220;without_pattern&#8220; z_index=&#8220;&#8220; el_class=&#8220;gernot&#8220;][vc_column width=&#8220;1\/4&#8243;]<div class=\"qode-info-card\">\n\t\t\t<div class=\"qode-info-card-image\" style=\"background-color:#fff\">\n\t\t\t<img decoding=\"async\" src=\"https:\/\/www.atco.it\/wp-content\/uploads\/2019\/08\/noci-del-brasile.png\" alt=\"\" \/>\n\t\t<\/div>\n\t\t<div class=\"qode-info-card-text-holder\" style=\"background-color:#fff\">\n\t\t\t\t\t<h3 class=\"qode-info-card-title\" >\n\t\t\t\tNoci del Brasile\t\t\t<\/h3>\n\t\t\t\t\t\t\t<p class=\"qode-info-card-text\" >\n\t\t\t\tLe noci del Brasile vengono importate esclusivamente dalle foreste pluviali di Brasile, Bolivia e Per\u00f9 (Sud America), dove gli alberi crescono spontaneamente, e il frutto viene ancora raccolto a mano, come da tradizione, richiedendo un notevole impiego di forza lavoro. Il raccolto va da novembre a maggio e il frutto, ancora nel guscio, viene successivamente trasportato dalla giungla all\u2019impianto di lavorazione, attraverso un viaggio avventuroso, in Bolivia.\t\t\t<\/p>\n\t\t\t<\/div>\n\t\t\t<div class=\"qode-info-card-link-holder\">\n\t\t\t<a itemprop=\"url\" class=\"qode-qbutton-main-color qode-qbutton-full-width qode-qbutton-square\" href=\"\/noci-del-brasile\" target=\"_self\" style=\"height:48px;line-height:48px\"><span>Dettagli<\/span><\/a>\n\t\t<\/div>\n\t<\/div>[\/vc_column][vc_column width=&#8220;1\/4&#8243;]<div class=\"qode-info-card\">\n\t\t\t<div class=\"qode-info-card-image\" style=\"background-color:#fff\">\n\t\t\t<img decoding=\"async\" src=\"https:\/\/www.atco.it\/wp-content\/uploads\/2019\/08\/processati-mandorle.png\" alt=\"\" \/>\n\t\t<\/div>\n\t\t<div class=\"qode-info-card-text-holder\" style=\"background-color:#fff\">\n\t\t\t\t\t<h3 class=\"qode-info-card-title\" >\n\t\t\t\tMandorle processate\t\t\t<\/h3>\n\t\t\t\t\t\t\t<p class=\"qode-info-card-text\" >\n\t\t\t\tTradizionalmente venivano trattate esclusivamente mandorle spagnole, mentre in tempi recenti si \u00e8 assistito all\u2019introduzione ed all\u2019utilizzo di varianti di origine californiana. Ad oggi il fulcro europeo per la lavorazione e la trasformazione delle mandorle si trova ancora in Spagna, dove ATCO ha consolidato ormai da anni fruttuose partnership, trasformandosi da trader a vero e proprio produttore attraverso la cooperazione con la societ\u00e0 Colefruse Internacional 5.A di Jijona (Spagna). L\u2019impianto di Colefruse \u00e8 uno dei pi\u00f9 efficienti e moderni d\u2019Europa, e la cooperazione ha permesso.\t\t\t<\/p>\n\t\t\t<\/div>\n\t\t\t<div class=\"qode-info-card-link-holder\">\n\t\t\t<a itemprop=\"url\" class=\"qode-qbutton-main-color qode-qbutton-full-width qode-qbutton-square\" href=\"\/processati-di-mandorle\" target=\"_self\" style=\"height:48px;line-height:48px\"><span>Dettagli<\/span><\/a>\n\t\t<\/div>\n\t<\/div>[\/vc_column][vc_column width=&#8220;1\/4&#8243;][\/vc_column][vc_column width=&#8220;1\/4&#8243;][\/vc_column][\/vc_row][vc_row css_animation=&#8220;&#8220; row_type=&#8220;row&#8220; use_row_as_full_screen_section=&#8220;no&#8220; type=&#8220;full_width&#8220; angled_section=&#8220;no&#8220; text_align=&#8220;left&#8220; background_image_as_pattern=&#8220;without_pattern&#8220;][vc_column][vc_empty_space height=&#8220;128&#8243;][\/vc_column][\/vc_row][vc_row css_animation=&#8220;&#8220; row_type=&#8220;row&#8220; use_row_as_full_screen_section=&#8220;no&#8220; type=&#8220;grid&#8220; angled_section=&#8220;no&#8220; text_align=&#8220;left&#8220; background_image_as_pattern=&#8220;without_pattern&#8220; z_index=&#8220;&#8220;][vc_column]<div id=\"unique_iwm_0\"><!-- Map Generated CSS --> \n <style>\n.iwm_map_canvas { overflow:hidden; }#map_canvas_1 path:not([id]) { stroke:transparent; }#map_canvas_1 path:not([id]) { stroke-width:0; }#map_canvas_1 path[fill^=\"e9f1fc\"] { stroke-width:0; }#map_canvas_1 path[fill^=\"e9f1fc\"]:hover { stroke-width:0; }#map_canvas_1 path[fill^=\"none\"] { stroke-width:0; stroke-opacity:0; }#map_canvas_1 { background-repeat:no-repeat; background-size: 100% 100%; }<\/style><div class='iwm_map_canvas'><div id='map_canvas_1' data-map-id='1'  class='i_world_map ' class='iwm_map_canvas'><div class='iwm_placeholder'><img width='32px' alt='prodotti Placeholder' title='prodotti' src='https:\/\/www.atco.it\/wp-content\/plugins\/interactive-world-maps\/imgs\/placeholder.png'><br>prodotti<\/div><\/div><\/div><div id='imap1message' style='display:none;'>\r\n\t\t\t\t<div id=\"map_1_message_it\" style=\"display:block;\"><\/div><div id=\"map_1_message_es\" style=\"display:block;\"><\/div><div id=\"map_1_message_chile\" style=\"display:block;\"><\/div><div id=\"map_1_message_AU\" style=\"display:block;\"><\/div><div id=\"map_1_message_US\" style=\"display:block;\"><\/div><div id=\"map_1_message_br\" style=\"display:block;\"><\/div><div id=\"map_1_message_bo\" style=\"display:block;\"><\/div><div id=\"map_1_message_pe\" style=\"display:block;\"><\/div><div id=\"map_1_message_tr\" style=\"display:block;\"><\/div><div id=\"map_1_message_ge\" style=\"display:block;\"><\/div><div id=\"map_1_message_lk\" style=\"display:block;\"><\/div><div id=\"map_1_message_ph\" style=\"display:block;\"><\/div><div id=\"map_1_message_id\" style=\"display:block;\"><\/div><div id=\"map_1_message_cn\" style=\"display:block;\"><\/div><div id=\"map_1_message_za\" style=\"display:block;\"><\/div><div id=\"map_1_message_in\" style=\"display:block;\"><\/div><div id=\"map_1_message_vn\" style=\"display:block;\"><\/div><div id=\"map_1_message_tz\" style=\"display:block;\"><\/div><div id=\"map_1_message_ng\" style=\"display:block;\"><\/div><div id=\"map_1_message_ci\" style=\"display:block;\"><\/div><div id=\"map_1_message_gh\" style=\"display:block;\"><\/div><div id=\"map_1_message_mz\" style=\"display:block;\"><\/div>\r\n\t\t\t\t<\/div><\/div>[\/vc_column][\/vc_row][vc_row css_animation=&#8220;&#8220; row_type=&#8220;row&#8220; use_row_as_full_screen_section=&#8220;no&#8220; type=&#8220;full_width&#8220; angled_section=&#8220;no&#8220; text_align=&#8220;left&#8220; background_image_as_pattern=&#8220;without_pattern&#8220;][vc_column][vc_empty_space height=&#8220;128&#8243;][\/vc_column][\/vc_row]<\/p>\n<\/div>","protected":false},"excerpt":{"rendered":"<p>[vc_row css_animation=&#8220;&#8220; row_type=&#8220;row&#8220; use_row_as_full_screen_section=&#8220;no&#8220; type=&#8220;full_width&#8220; angled_section=&#8220;no&#8220; text_align=&#8220;left&#8220; background_image_as_pattern=&#8220;without_pattern&#8220;][vc_column][vc_empty_space height=&#8220;128&#8243;][\/vc_column][\/vc_row][vc_row css_animation=&#8220;&#8220; row_type=&#8220;row&#8220; use_row_as_full_screen_section=&#8220;no&#8220; type=&#8220;grid&#8220; angled_section=&#8220;no&#8220; text_align=&#8220;left&#8220; background_image_as_pattern=&#8220;without_pattern&#8220; z_index=&#8220;&#8220;][vc_column][vc_column_text] Prodotti Atco [\/vc_column_text][\/vc_column][\/vc_row][vc_row css_animation=&#8220;&#8220; row_type=&#8220;row&#8220; use_row_as_full_screen_section=&#8220;no&#8220; type=&#8220;full_width&#8220; angled_section=&#8220;no&#8220; text_align=&#8220;left&#8220; background_image_as_pattern=&#8220;without_pattern&#8220;][vc_column][vc_empty_space height=&#8220;128&#8243;][\/vc_column][\/vc_row][vc_row css_animation=&#8220;&#8220; row_type=&#8220;row&#8220; use_row_as_full_screen_section=&#8220;no&#8220; type=&#8220;grid&#8220; angled_section=&#8220;no&#8220; text_align=&#8220;left&#8220; background_image_as_pattern=&#8220;without_pattern&#8220; z_index=&#8220;&#8220; el_class=&#8220;gernot&#8220;][vc_column width=&#8220;1\/4&#8243;][\/vc_column][vc_column width=&#8220;1\/4&#8243;][\/vc_column][vc_column width=&#8220;1\/4&#8243;][\/vc_column][vc_column width=&#8220;1\/4&#8243;][\/vc_column][\/vc_row][vc_row css_animation=&#8220;&#8220; row_type=&#8220;row&#8220; use_row_as_full_screen_section=&#8220;no&#8220; type=&#8220;full_width&#8220;&#8230;<\/p>\n","protected":false},"author":1,"featured_media":0,"parent":0,"menu_order":0,"comment_status":"closed","ping_status":"closed","template":"full_width.php","meta":{"footnotes":""},"categories":[],"class_list":["post-31","page","type-page","status-publish","hentry"],"_links":{"self":[{"href":"https:\/\/www.atco.it\/de\/wp-json\/wp\/v2\/pages\/31","targetHints":{"allow":["GET"]}}],"collection":[{"href":"https:\/\/www.atco.it\/de\/wp-json\/wp\/v2\/pages"}],"about":[{"href":"https:\/\/www.atco.it\/de\/wp-json\/wp\/v2\/types\/page"}],"author":[{"embeddable":true,"href":"https:\/\/www.atco.it\/de\/wp-json\/wp\/v2\/users\/1"}],"replies":[{"embeddable":true,"href":"https:\/\/www.atco.it\/de\/wp-json\/wp\/v2\/comments?post=31"}],"version-history":[{"count":43,"href":"https:\/\/www.atco.it\/de\/wp-json\/wp\/v2\/pages\/31\/revisions"}],"predecessor-version":[{"id":247,"href":"https:\/\/www.atco.it\/de\/wp-json\/wp\/v2\/pages\/31\/revisions\/247"}],"wp:attachment":[{"href":"https:\/\/www.atco.it\/de\/wp-json\/wp\/v2\/media?parent=31"}],"wp:term":[{"taxonomy":"category","embeddable":true,"href":"https:\/\/www.atco.it\/de\/wp-json\/wp\/v2\/categories?post=31"}],"curies":[{"name":"wp","href":"https:\/\/api.w.org\/{rel}","templated":true}]}}