{"id":19,"date":"2019-07-09T09:47:06","date_gmt":"2019-07-09T07:47:06","guid":{"rendered":"http:\/\/dev.atco.it\/?page_id=19"},"modified":"2019-09-22T22:38:53","modified_gmt":"2019-09-22T20:38:53","slug":"chi-siamo","status":"publish","type":"page","link":"https:\/\/www.atco.it\/de\/chi-siamo\/","title":{"rendered":"Chi Siamo"},"content":{"rendered":"<div class=\"wpb-content-wrapper\"><p>[vc_row css_animation=&#8220;&#8220; row_type=&#8220;row&#8220; use_row_as_full_screen_section=&#8220;no&#8220; type=&#8220;full_width&#8220; angled_section=&#8220;no&#8220; text_align=&#8220;left&#8220; background_image_as_pattern=&#8220;without_pattern&#8220;][vc_column][vc_empty_space height=&#8220;48&#8243;][\/vc_column][\/vc_row][vc_row css_animation=&#8220;&#8220; row_type=&#8220;row&#8220; use_row_as_full_screen_section=&#8220;no&#8220; type=&#8220;grid&#8220; angled_section=&#8220;no&#8220; text_align=&#8220;left&#8220; background_image_as_pattern=&#8220;without_pattern&#8220; z_index=&#8220;&#8220;][vc_column][vc_column_text]<\/p>\n<h1 style=\"text-align: center;\">ATCO Italia S.r.l.<\/h1>\n<p>[\/vc_column_text][vc_empty_space height=&#8220;16&#8243;][vc_column_text]<\/p>\n<h3 style=\"text-align: center;\">La nostra storia<\/h3>\n<p>[\/vc_column_text][vc_empty_space height=&#8220;64&#8243;][vc_row_inner row_type=&#8220;row&#8220; type=&#8220;full_width&#8220; text_align=&#8220;left&#8220; css_animation=&#8220;&#8220;][vc_column_inner][vc_column_text]ATCO Italia S.r.l. \u00e8 stata fondata nel 2017 &#8211; Joint Venture tra la societ\u00e0 Achard Italia S.p.A. di Bolzano (ITALIA) e la societ\u00e0 August T\u00f6pfer &#038; Co. (GmbH &#038; Co.) KG di Amburgo (GERMANIA) &#8211; per la commercializzazione sul territorio italiano di frutta secca e disidratata con una struttura capillare sull\u2019intero territorio, atta a soddisfare al meglio le necessit\u00e0 del mercato sia in termini di gamma di prodotti che in termini di servizi logistici e qualitativi.[\/vc_column_text][\/vc_column_inner][\/vc_row_inner][vc_empty_space height=&#8220;32&#8243;][vc_row_inner row_type=&#8220;row&#8220; type=&#8220;full_width&#8220; text_align=&#8220;left&#8220; css_animation=&#8220;&#8220;][vc_column_inner width=&#8220;1\/2&#8243;][vc_column_text]La societ\u00e0 August T\u00f6pfer &#038; Co. (GmbH &#038; Co. ) KG nasce nel 1912 nella cittadina tedesca di Erfurt per volont\u00e0 di August T\u00f6pfer, commerciante all\u2019ingrosso di prodotti coloniali, quali zucchero, caffe, frutta secca e disidratata. A seguito della morte del fondatore nel 1918, la societ\u00e0 viene rilevata da 5 azionisti, tra i quali Rudolf Ernst. Le 5 foglie rappresentate sull\u2019albero di palma, logo della societ\u00e0, sono proprio una rappresentazione di questo passaggio.<\/p>\n<p>Dopo la fine della II\u00aa guerra mondiale, la societ\u00e0 si sposta dalla Germania dell\u2019 Est all\u2019attuale sede di Amburgo. Alla fine degli anni 50 l\u2019originario gruppo dei 5 azionisti, si ritira, e la direzione dell\u2019azienda passa ad Alfred e Klaus Ernst, figli di Rudolf Ernst; sotto la loro guida l\u2019attivit\u00e0 continua a crescere e ad espandersi nei settori commerciali tradizionali dello zucchero, della frutta secca e dell\u2019alimentazione zootecnica.<\/p>\n<p>A partire dal 1990 l\u2019azienda passa sotto la direzione di Rudolf e Robert Ernst, terza generazione della famiglia Ernst. Attraverso una crescita continua negli anni, l\u2019azienda ha potuto raggiungere l\u2019odierno posizionamento di mercato, offrendo alla clientela un pacchetto di servizi completo, che si occupa dell\u2019importazione, lo sdoganamento, lo stoccaggio, il confezionamento, il controllo qualitativo igienico sanitario dei prodotti; nonche, disponendo di una propria collaudata struttura logistica di effettuare consegne dedicate su tutto territorio europeo.<\/p>\n<p>&nbsp;<\/p>\n<p><strong><a href=\"http:\/\/www.atco.de\">www.atco.de<\/a><\/strong>[\/vc_column_text][\/vc_column_inner][vc_column_inner width=&#8220;1\/2&#8243;][vc_column_text]La societ\u00e0 ACHARD Italia S.p.A. nasce a Bolzano nel 2006 per volont\u00e0 di Domenico Saff\u0131oti, gi\u00e0 operativo nel settore dello zucchero dal 1977 con altre societ\u00e0, ma proprio in quell\u00b4anno con l&#8217;applicazione della \u201cRiforma Comunitaria dello Zucchero\u201d riconosce la necessit\u00e0 di porsi al mercato con un approccio commerciale innovativo rispetto alla vecchia figura del trader, cercando di coniugare al meglio l\u2019esigenza dei produttori e quelle dei consumatori nell\u2019ambito dei nuovi scenari che si sono creati in virt\u00f9 della citata riforma.<\/p>\n<p>In dieci anni tanti traguardi sono stati raggiunti, con soddisfazione, ma molti altri sono ancora gli obbiettivi da raggiungere.<\/p>\n<p>&nbsp;<\/p>\n<p><strong><a href=\"http:\/\/www.acharditalia.com\">www.acharditalia.com<\/a><\/strong>[\/vc_column_text][\/vc_column_inner][\/vc_row_inner][\/vc_column][\/vc_row][vc_row css_animation=&#8220;&#8220; row_type=&#8220;row&#8220; use_row_as_full_screen_section=&#8220;no&#8220; type=&#8220;grid&#8220; angled_section=&#8220;no&#8220; text_align=&#8220;left&#8220; background_image_as_pattern=&#8220;without_pattern&#8220; z_index=&#8220;&#8220;][vc_column][vc_single_image image=&#8220;27&#8243; img_size=&#8220;full&#8220; alignment=&#8220;center&#8220; qode_css_animation=&#8220;&#8220;][\/vc_column][\/vc_row][vc_row css_animation=&#8220;&#8220; row_type=&#8220;row&#8220; use_row_as_full_screen_section=&#8220;no&#8220; type=&#8220;full_width&#8220; angled_section=&#8220;no&#8220; text_align=&#8220;left&#8220; background_image_as_pattern=&#8220;without_pattern&#8220;][vc_column][vc_empty_space height=&#8220;128&#8243;][\/vc_column][\/vc_row]<\/p>\n<\/div>","protected":false},"excerpt":{"rendered":"<p>[vc_row css_animation=&#8220;&#8220; row_type=&#8220;row&#8220; use_row_as_full_screen_section=&#8220;no&#8220; type=&#8220;full_width&#8220; angled_section=&#8220;no&#8220; text_align=&#8220;left&#8220; background_image_as_pattern=&#8220;without_pattern&#8220;][vc_column][vc_empty_space height=&#8220;48&#8243;][\/vc_column][\/vc_row][vc_row css_animation=&#8220;&#8220; row_type=&#8220;row&#8220; use_row_as_full_screen_section=&#8220;no&#8220; type=&#8220;grid&#8220; angled_section=&#8220;no&#8220; text_align=&#8220;left&#8220; background_image_as_pattern=&#8220;without_pattern&#8220; z_index=&#8220;&#8220;][vc_column][vc_column_text] ATCO Italia S.r.l. [\/vc_column_text][vc_empty_space height=&#8220;16&#8243;][vc_column_text] La nostra storia [\/vc_column_text][vc_empty_space height=&#8220;64&#8243;][vc_row_inner row_type=&#8220;row&#8220; type=&#8220;full_width&#8220; text_align=&#8220;left&#8220; css_animation=&#8220;&#8220;][vc_column_inner][vc_column_text]ATCO Italia S.r.l. \u00e8 stata fondata nel 2017 &#8211; Joint Venture tra la societ\u00e0 Achard&#8230;<\/p>\n","protected":false},"author":1,"featured_media":0,"parent":0,"menu_order":0,"comment_status":"closed","ping_status":"closed","template":"full_width.php","meta":{"footnotes":""},"categories":[],"class_list":["post-19","page","type-page","status-publish","hentry"],"_links":{"self":[{"href":"https:\/\/www.atco.it\/de\/wp-json\/wp\/v2\/pages\/19","targetHints":{"allow":["GET"]}}],"collection":[{"href":"https:\/\/www.atco.it\/de\/wp-json\/wp\/v2\/pages"}],"about":[{"href":"https:\/\/www.atco.it\/de\/wp-json\/wp\/v2\/types\/page"}],"author":[{"embeddable":true,"href":"https:\/\/www.atco.it\/de\/wp-json\/wp\/v2\/users\/1"}],"replies":[{"embeddable":true,"href":"https:\/\/www.atco.it\/de\/wp-json\/wp\/v2\/comments?post=19"}],"version-history":[{"count":22,"href":"https:\/\/www.atco.it\/de\/wp-json\/wp\/v2\/pages\/19\/revisions"}],"predecessor-version":[{"id":255,"href":"https:\/\/www.atco.it\/de\/wp-json\/wp\/v2\/pages\/19\/revisions\/255"}],"wp:attachment":[{"href":"https:\/\/www.atco.it\/de\/wp-json\/wp\/v2\/media?parent=19"}],"wp:term":[{"taxonomy":"category","embeddable":true,"href":"https:\/\/www.atco.it\/de\/wp-json\/wp\/v2\/categories?post=19"}],"curies":[{"name":"wp","href":"https:\/\/api.w.org\/{rel}","templated":true}]}}