{"id":171,"date":"2019-08-27T16:06:55","date_gmt":"2019-08-27T14:06:55","guid":{"rendered":"http:\/\/dev.atco.it\/?page_id=171"},"modified":"2025-02-13T09:10:22","modified_gmt":"2025-02-13T08:10:22","slug":"rape-di-cocco","status":"publish","type":"page","link":"https:\/\/www.atco.it\/de\/rape-di-cocco\/","title":{"rendered":"Rap\u00e9 di Cocco"},"content":{"rendered":"<div class=\"wpb-content-wrapper\"><p>[vc_row css_animation=&#8220;&#8220; row_type=&#8220;row&#8220; use_row_as_full_screen_section=&#8220;no&#8220; type=&#8220;grid&#8220; angled_section=&#8220;no&#8220; text_align=&#8220;left&#8220; background_image_as_pattern=&#8220;without_pattern&#8220; z_index=&#8220;&#8220;][vc_column][vc_single_image image=&#8220;109&#8243; img_size=&#8220;large&#8220; alignment=&#8220;center&#8220; qode_css_animation=&#8220;&#8220;][\/vc_column][\/vc_row][vc_row css_animation=&#8220;&#8220; row_type=&#8220;row&#8220; use_row_as_full_screen_section=&#8220;no&#8220; type=&#8220;full_width&#8220; angled_section=&#8220;no&#8220; text_align=&#8220;left&#8220; background_image_as_pattern=&#8220;without_pattern&#8220;][vc_column][vc_empty_space height=&#8220;128&#8243;][\/vc_column][\/vc_row][vc_row css_animation=&#8220;&#8220; row_type=&#8220;row&#8220; use_row_as_full_screen_section=&#8220;no&#8220; type=&#8220;grid&#8220; angled_section=&#8220;no&#8220; text_align=&#8220;left&#8220; background_image_as_pattern=&#8220;without_pattern&#8220; z_index=&#8220;&#8220;][vc_column][vc_column_text]<\/p>\n<h1 style=\"text-align: center;\">Rap\u00e9 di cocco<\/h1>\n<p>[\/vc_column_text][vc_empty_space][vc_column_text]<\/p>\n<h3 class=\"p1\" style=\"text-align: center;\"><span class=\"s1\">Origine: Indonesia, Filippine, Sri Lanka<\/span><\/h3>\n<p>[\/vc_column_text][vc_empty_space height=&#8220;64&#8243;][vc_row_inner row_type=&#8220;row&#8220; type=&#8220;full_width&#8220; text_align=&#8220;left&#8220; css_animation=&#8220;&#8220;][vc_column_inner width=&#8220;1\/2&#8243;][vc_column_text]Il rap\u00e9 di cocco rappresenta uno dei prodotti di maggior successo commercializzati da ATCO. Bench\u00e9 il nome possa essere fuorviante, la &#8222;noce di cocco\u201d non \u00e8 una noce ma appartiene alla famiglia delle drupe (frutto a nocciolo).<\/p>\n<p>Il know-how sviluppato negli anni, unito alla consolidata collaborazione con partner commerciali certificati in Indonesia, Filippine e Sri Lanka, sono la chiave del nostro successo. Il cocco pu\u00f2 essere raccolto durante il corso di tutto l\u2019anno, permettendoci di garantire un prodotto fresco e di qualit\u00e0 in qualunque momento.[\/vc_column_text][\/vc_column_inner][vc_column_inner width=&#8220;1\/2&#8243;][vc_column_text]Uno dei pi\u00f9 importanti parametri per determinare la qualit\u00e0 del rap\u00e9 di cocco \u00e8 il contenuto di grasso, che varia a seconda del metodo di trasformazione tra \u201clow fat\u201d e \u201cfull fat\u201d. Pu\u00f2 inoltre essere classificato a seconda della sua granulazione in extra fine, fine e medio.<\/p>\n<p>Il rap\u00e9 di cocco viene principalmente utilizzato nell&#8217;industria dolciaria e dei prodotti da forno.[\/vc_column_text][\/vc_column_inner][\/vc_row_inner][vc_row_inner row_type=&#8220;row&#8220; type=&#8220;full_width&#8220; text_align=&#8220;left&#8220; css_animation=&#8220;&#8220;][vc_column_inner][vc_empty_space height=&#8220;64&#8243;]<a  itemprop=\"url\" href=\"\/contatto\" target=\"_self\"  class=\"qbutton  default fl-right\" style=\"\">Contattaci per rape di cocco<i class=\"qode_icon_font_awesome fa fa-angle-right qode_button_icon_element\" style=\"\" ><\/i><\/a>[\/vc_column_inner][\/vc_row_inner][vc_empty_space height=&#8220;64&#8243;]<div id=\"unique_iwm_0\"><!-- Map Generated CSS --> \n <style>\n.iwm_map_canvas { overflow:hidden; }#map_canvas_10 path:not([id]) { stroke:transparent; }#map_canvas_10 path:not([id]) { stroke-width:0; }#map_canvas_10 path[fill^=\"#e9f1fc\"] { stroke-width:0; }#map_canvas_10 path[fill^=\"#e9f1fc\"]:hover { stroke-width:0; }#map_canvas_10 path[fill^=\"none\"] { stroke-width:0; stroke-opacity:0; }#map_canvas_10 { background-repeat:no-repeat; background-size: 100% 100%; }<\/style><div class='iwm_map_canvas'><div id='map_canvas_10' data-map-id='10'  class='i_world_map ' class='iwm_map_canvas'><div class='iwm_placeholder'><img width='32px' alt='rape di cocco Placeholder' title='rape di cocco' src='https:\/\/www.atco.it\/wp-content\/plugins\/interactive-world-maps\/imgs\/placeholder.png'><br>rape di cocco<\/div><\/div><\/div><div id='imap10message' style='display:none;'>\r\n\t\t\t\t<div id=\"map_10_message_id\" style=\"display:block;\"><\/div><div id=\"map_10_message_ph\" style=\"display:block;\"><\/div><div id=\"map_10_message_lk\" style=\"display:block;\"><\/div>\r\n\t\t\t\t<\/div><\/div>[\/vc_column][\/vc_row][vc_row css_animation=&#8220;&#8220; row_type=&#8220;row&#8220; use_row_as_full_screen_section=&#8220;no&#8220; type=&#8220;full_width&#8220; angled_section=&#8220;no&#8220; text_align=&#8220;left&#8220; background_image_as_pattern=&#8220;without_pattern&#8220;][vc_column][vc_empty_space height=&#8220;128&#8243;][\/vc_column][\/vc_row]<\/p>\n<\/div>","protected":false},"excerpt":{"rendered":"<p>[vc_row css_animation=&#8220;&#8220; row_type=&#8220;row&#8220; use_row_as_full_screen_section=&#8220;no&#8220; type=&#8220;grid&#8220; angled_section=&#8220;no&#8220; text_align=&#8220;left&#8220; background_image_as_pattern=&#8220;without_pattern&#8220; z_index=&#8220;&#8220;][vc_column][vc_single_image image=&#8220;109&#8243; img_size=&#8220;large&#8220; alignment=&#8220;center&#8220; qode_css_animation=&#8220;&#8220;][\/vc_column][\/vc_row][vc_row css_animation=&#8220;&#8220; row_type=&#8220;row&#8220; use_row_as_full_screen_section=&#8220;no&#8220; type=&#8220;full_width&#8220; angled_section=&#8220;no&#8220; text_align=&#8220;left&#8220; background_image_as_pattern=&#8220;without_pattern&#8220;][vc_column][vc_empty_space height=&#8220;128&#8243;][\/vc_column][\/vc_row][vc_row css_animation=&#8220;&#8220; row_type=&#8220;row&#8220; use_row_as_full_screen_section=&#8220;no&#8220; type=&#8220;grid&#8220; angled_section=&#8220;no&#8220; text_align=&#8220;left&#8220; background_image_as_pattern=&#8220;without_pattern&#8220; z_index=&#8220;&#8220;][vc_column][vc_column_text] Rap\u00e9 di cocco [\/vc_column_text][vc_empty_space][vc_column_text] Origine: Indonesia, Filippine, Sri Lanka [\/vc_column_text][vc_empty_space height=&#8220;64&#8243;][vc_row_inner row_type=&#8220;row&#8220; type=&#8220;full_width&#8220; text_align=&#8220;left&#8220; css_animation=&#8220;&#8220;][vc_column_inner width=&#8220;1\/2&#8243;][vc_column_text]Il&#8230;<\/p>\n","protected":false},"author":1,"featured_media":0,"parent":0,"menu_order":0,"comment_status":"closed","ping_status":"closed","template":"full_width.php","meta":{"footnotes":""},"categories":[],"class_list":["post-171","page","type-page","status-publish","hentry"],"_links":{"self":[{"href":"https:\/\/www.atco.it\/de\/wp-json\/wp\/v2\/pages\/171","targetHints":{"allow":["GET"]}}],"collection":[{"href":"https:\/\/www.atco.it\/de\/wp-json\/wp\/v2\/pages"}],"about":[{"href":"https:\/\/www.atco.it\/de\/wp-json\/wp\/v2\/types\/page"}],"author":[{"embeddable":true,"href":"https:\/\/www.atco.it\/de\/wp-json\/wp\/v2\/users\/1"}],"replies":[{"embeddable":true,"href":"https:\/\/www.atco.it\/de\/wp-json\/wp\/v2\/comments?post=171"}],"version-history":[{"count":5,"href":"https:\/\/www.atco.it\/de\/wp-json\/wp\/v2\/pages\/171\/revisions"}],"predecessor-version":[{"id":250,"href":"https:\/\/www.atco.it\/de\/wp-json\/wp\/v2\/pages\/171\/revisions\/250"}],"wp:attachment":[{"href":"https:\/\/www.atco.it\/de\/wp-json\/wp\/v2\/media?parent=171"}],"wp:term":[{"taxonomy":"category","embeddable":true,"href":"https:\/\/www.atco.it\/de\/wp-json\/wp\/v2\/categories?post=171"}],"curies":[{"name":"wp","href":"https:\/\/api.w.org\/{rel}","templated":true}]}}