{"id":163,"date":"2019-08-27T15:48:17","date_gmt":"2019-08-27T13:48:17","guid":{"rendered":"http:\/\/dev.atco.it\/?page_id=163"},"modified":"2019-09-22T22:02:01","modified_gmt":"2019-09-22T20:02:01","slug":"noci-pecan","status":"publish","type":"page","link":"https:\/\/www.atco.it\/de\/noci-pecan\/","title":{"rendered":"Noci Pecan"},"content":{"rendered":"<div class=\"wpb-content-wrapper\"><p>[vc_row css_animation=&#8220;&#8220; row_type=&#8220;row&#8220; use_row_as_full_screen_section=&#8220;no&#8220; type=&#8220;grid&#8220; angled_section=&#8220;no&#8220; text_align=&#8220;left&#8220; background_image_as_pattern=&#8220;without_pattern&#8220; z_index=&#8220;&#8220;][vc_column][vc_single_image image=&#8220;140&#8243; img_size=&#8220;large&#8220; alignment=&#8220;center&#8220; qode_css_animation=&#8220;&#8220;][\/vc_column][\/vc_row][vc_row css_animation=&#8220;&#8220; row_type=&#8220;row&#8220; use_row_as_full_screen_section=&#8220;no&#8220; type=&#8220;full_width&#8220; angled_section=&#8220;no&#8220; text_align=&#8220;left&#8220; background_image_as_pattern=&#8220;without_pattern&#8220;][vc_column][vc_empty_space height=&#8220;128&#8243;][\/vc_column][\/vc_row][vc_row css_animation=&#8220;&#8220; row_type=&#8220;row&#8220; use_row_as_full_screen_section=&#8220;no&#8220; type=&#8220;grid&#8220; angled_section=&#8220;no&#8220; text_align=&#8220;left&#8220; background_image_as_pattern=&#8220;without_pattern&#8220; z_index=&#8220;&#8220;][vc_column][vc_column_text]<\/p>\n<h1 style=\"text-align: center;\">Noci Pecan<\/h1>\n<p>[\/vc_column_text][vc_empty_space][vc_column_text]<\/p>\n<h3 class=\"p1\" style=\"text-align: center;\"><span class=\"s1\">Origine:USA (Stati del Sud)<\/span><\/h3>\n<p>[\/vc_column_text][vc_empty_space height=&#8220;64&#8243;][vc_row_inner row_type=&#8220;row&#8220; type=&#8220;full_width&#8220; text_align=&#8220;left&#8220; css_animation=&#8220;&#8220;][vc_column_inner width=&#8220;1\/2&#8243;][vc_column_text]La noce pecan \u00e8 la pi\u00f9 importante tra le variet\u00e0 di frutta secca nativa del Nord America; le prime testimonianze in merito all\u2019utilizzo di questo prodotto risalgono al XVI secolo. Il raccolto avviene nella seconda met\u00e0 dell\u2019anno, coprendo l\u2019intero territorio dalla costa ovest a quella est del sud degli Stati Uniti.[\/vc_column_text][\/vc_column_inner][vc_column_inner width=&#8220;1\/2&#8243;][vc_column_text]Pecan \u00e8 la variet\u00e0 di noce maggiormente ricca di antiossidanti, i quali &#8211; secondo studi scientifici &#8211; contribuiscono ad abbassare il rischio di contrarre cancro e soffrire di malattie cardiache o Alzheimer. Gli Stati Uniti, con una quota di mercato dell\u201980%, sono i maggiori produttori mondiali nonch\u00e9 nostri principali fornitori del prodotto.[\/vc_column_text][\/vc_column_inner][\/vc_row_inner][vc_row_inner row_type=&#8220;row&#8220; type=&#8220;full_width&#8220; text_align=&#8220;left&#8220; css_animation=&#8220;&#8220;][vc_column_inner][vc_empty_space height=&#8220;64&#8243;]<a  itemprop=\"url\" href=\"\/contatto\" target=\"_self\"  class=\"qbutton  default fl-right\" style=\"\">Contattaci per Noci Pecan<i class=\"qode_icon_font_awesome fa fa-angle-right qode_button_icon_element\" style=\"\" ><\/i><\/a>[\/vc_column_inner][\/vc_row_inner][vc_empty_space height=&#8220;64&#8243;]<div id=\"unique_iwm_0\"><!-- Map Generated CSS --> \n <style>\n.iwm_map_canvas { overflow:hidden; }#map_canvas_6 path:not([id]) { stroke:transparent; }#map_canvas_6 path:not([id]) { stroke-width:0; }#map_canvas_6 path[fill^=\"#e9f1fc\"] { stroke-width:0; }#map_canvas_6 path[fill^=\"#e9f1fc\"]:hover { stroke-width:0; }#map_canvas_6 path[fill^=\"none\"] { stroke-width:0; stroke-opacity:0; }#map_canvas_6 { background-repeat:no-repeat; background-size: 100% 100%; }<\/style><div class='iwm_map_canvas'><div id='map_canvas_6' data-map-id='6'  class='i_world_map ' class='iwm_map_canvas'><div class='iwm_placeholder'><img width='32px' alt='noci pecan Placeholder' title='noci pecan' src='https:\/\/www.atco.it\/wp-content\/plugins\/interactive-world-maps\/imgs\/placeholder.png'><br>noci pecan<\/div><\/div><\/div><div id='imap6message' style='display:none;'>\r\n\t\t\t\t<div id=\"map_6_message_US\" style=\"display:block;\"><\/div>\r\n\t\t\t\t<\/div><\/div>[\/vc_column][\/vc_row][vc_row css_animation=&#8220;&#8220; row_type=&#8220;row&#8220; use_row_as_full_screen_section=&#8220;no&#8220; type=&#8220;full_width&#8220; angled_section=&#8220;no&#8220; text_align=&#8220;left&#8220; background_image_as_pattern=&#8220;without_pattern&#8220;][vc_column][vc_empty_space height=&#8220;128&#8243;][\/vc_column][\/vc_row]<\/p>\n<\/div>","protected":false},"excerpt":{"rendered":"<p>[vc_row css_animation=&#8220;&#8220; row_type=&#8220;row&#8220; use_row_as_full_screen_section=&#8220;no&#8220; type=&#8220;grid&#8220; angled_section=&#8220;no&#8220; text_align=&#8220;left&#8220; background_image_as_pattern=&#8220;without_pattern&#8220; z_index=&#8220;&#8220;][vc_column][vc_single_image image=&#8220;140&#8243; img_size=&#8220;large&#8220; alignment=&#8220;center&#8220; qode_css_animation=&#8220;&#8220;][\/vc_column][\/vc_row][vc_row css_animation=&#8220;&#8220; row_type=&#8220;row&#8220; use_row_as_full_screen_section=&#8220;no&#8220; type=&#8220;full_width&#8220; angled_section=&#8220;no&#8220; text_align=&#8220;left&#8220; background_image_as_pattern=&#8220;without_pattern&#8220;][vc_column][vc_empty_space height=&#8220;128&#8243;][\/vc_column][\/vc_row][vc_row css_animation=&#8220;&#8220; row_type=&#8220;row&#8220; use_row_as_full_screen_section=&#8220;no&#8220; type=&#8220;grid&#8220; angled_section=&#8220;no&#8220; text_align=&#8220;left&#8220; background_image_as_pattern=&#8220;without_pattern&#8220; z_index=&#8220;&#8220;][vc_column][vc_column_text] Noci Pecan [\/vc_column_text][vc_empty_space][vc_column_text] Origine:USA (Stati del Sud) [\/vc_column_text][vc_empty_space height=&#8220;64&#8243;][vc_row_inner row_type=&#8220;row&#8220; type=&#8220;full_width&#8220; text_align=&#8220;left&#8220; css_animation=&#8220;&#8220;][vc_column_inner width=&#8220;1\/2&#8243;][vc_column_text]La noce pecan&#8230;<\/p>\n","protected":false},"author":1,"featured_media":0,"parent":0,"menu_order":0,"comment_status":"closed","ping_status":"closed","template":"full_width.php","meta":{"footnotes":""},"categories":[],"class_list":["post-163","page","type-page","status-publish","hentry"],"_links":{"self":[{"href":"https:\/\/www.atco.it\/de\/wp-json\/wp\/v2\/pages\/163","targetHints":{"allow":["GET"]}}],"collection":[{"href":"https:\/\/www.atco.it\/de\/wp-json\/wp\/v2\/pages"}],"about":[{"href":"https:\/\/www.atco.it\/de\/wp-json\/wp\/v2\/types\/page"}],"author":[{"embeddable":true,"href":"https:\/\/www.atco.it\/de\/wp-json\/wp\/v2\/users\/1"}],"replies":[{"embeddable":true,"href":"https:\/\/www.atco.it\/de\/wp-json\/wp\/v2\/comments?post=163"}],"version-history":[{"count":5,"href":"https:\/\/www.atco.it\/de\/wp-json\/wp\/v2\/pages\/163\/revisions"}],"predecessor-version":[{"id":241,"href":"https:\/\/www.atco.it\/de\/wp-json\/wp\/v2\/pages\/163\/revisions\/241"}],"wp:attachment":[{"href":"https:\/\/www.atco.it\/de\/wp-json\/wp\/v2\/media?parent=163"}],"wp:term":[{"taxonomy":"category","embeddable":true,"href":"https:\/\/www.atco.it\/de\/wp-json\/wp\/v2\/categories?post=163"}],"curies":[{"name":"wp","href":"https:\/\/api.w.org\/{rel}","templated":true}]}}